{"id":2693,"date":"2024-12-02T14:14:04","date_gmt":"2024-12-02T13:14:04","guid":{"rendered":"https:\/\/vitrinesdepontaven.com\/?page_id=2693"},"modified":"2024-12-02T14:14:05","modified_gmt":"2024-12-02T13:14:05","slug":"qui-nous-sommes","status":"publish","type":"page","link":"https:\/\/vitrinesdepontaven.com\/?page_id=2693","title":{"rendered":"Qui nous sommes"},"content":{"rendered":"\n<p class=\"has-kubio-color-6-color has-text-color has-link-color has-medium-font-size wp-elements-433a87270e2811a5ced31418e95f337b\">Les Vitrines de Pont-Aven sont un collectif de commer\u00e7ants, de cr\u00e9ateurs et de professionnels passionn\u00e9s, unis par une vision commune : celle de mettre en avant le savoir-faire local et d\u2019offrir une exp\u00e9rience unique \u00e0 nos visiteurs. Depuis plusieurs ann\u00e9es, nous partageons des valeurs d\u2019amiti\u00e9, de convivialit\u00e9 et d\u2019engagement envers notre belle r\u00e9gion.<\/p>\n\n\n\n<p class=\"has-kubio-color-6-color has-text-color has-link-color has-medium-font-size wp-elements-06c5edfd540b61005fe5a381703a9849\">Ce groupe, constitu\u00e9 d\u2019amoureux de notre patrimoine, a \u00e9t\u00e9 fond\u00e9 dans l\u2019esprit de promouvoir la diversit\u00e9 et la qualit\u00e9 des produits et services de Pont-Aven. Nous avons d\u00e9cid\u00e9 de nous associer pour vous proposer une s\u00e9lection soign\u00e9e, un service attentionn\u00e9 et des offres adapt\u00e9es \u00e0 vos besoins quotidiens. Que vous soyez \u00e0 la recherche de produits locaux, d\u2019articles artisanaux ou de conseils avis\u00e9s, vous trouverez chez nous l\u2019excellence et la proximit\u00e9.<\/p>\n\n\n\n<p class=\"has-kubio-color-6-color has-text-color has-link-color has-medium-font-size wp-elements-56c721ba9484c682c9295a094352e790\">Nous croyons que l\u2019union fait la force et que notre dynamique collective peut enrichir l\u2019exp\u00e9rience de chaque client. Les Vitrines de Pont-Aven sont bien plus qu\u2019un groupement, elles incarnent une v\u00e9ritable communaut\u00e9 de cr\u00e9ateurs, de commer\u00e7ants et de passionn\u00e9s qui partagent une m\u00eame vision : rendre chaque moment pass\u00e9 \u00e0 Pont-Aven unique et m\u00e9morable.<\/p>\n","protected":false},"excerpt":{"rendered":"<p>Les Vitrines de Pont-Aven sont un collectif de commer\u00e7ants, de cr\u00e9ateurs et de professionnels passionn\u00e9s, unis par une vision commune : celle de mettre en avant le savoir-faire local et d\u2019offrir une exp\u00e9rience unique \u00e0 nos visiteurs. Depuis plusieurs ann\u00e9es, nous partageons des valeurs d\u2019amiti\u00e9, de convivialit\u00e9 et d\u2019engagement envers notre belle r\u00e9gion. Ce groupe, [&hellip;]<\/p>\n","protected":false},"author":1,"featured_media":2573,"parent":0,"menu_order":0,"comment_status":"closed","ping_status":"closed","template":"","meta":{"saved_in_kubio":false,"footnotes":""},"class_list":["post-2693","page","type-page","status-publish","has-post-thumbnail","hentry"],"yoast_head":"<!-- This site is optimized with the Yoast SEO plugin v23.9 - https:\/\/yoast.com\/wordpress\/plugins\/seo\/ -->\n<title>Qui nous sommes - Les Vitrines de Pont-Aven<\/title>\n<meta name=\"robots\" content=\"index, follow, max-snippet:-1, max-image-preview:large, max-video-preview:-1\" \/>\n<link rel=\"canonical\" href=\"https:\/\/vitrinesdepontaven.com\/?page_id=2693\" \/>\n<meta property=\"og:locale\" content=\"fr_FR\" \/>\n<meta property=\"og:type\" content=\"article\" \/>\n<meta property=\"og:title\" content=\"Qui nous sommes - Les Vitrines de Pont-Aven\" \/>\n<meta property=\"og:description\" content=\"Les Vitrines de Pont-Aven sont un collectif de commer\u00e7ants, de cr\u00e9ateurs et de professionnels passionn\u00e9s, unis par une vision commune : celle de mettre en avant le savoir-faire local et d\u2019offrir une exp\u00e9rience unique \u00e0 nos visiteurs. Depuis plusieurs ann\u00e9es, nous partageons des valeurs d\u2019amiti\u00e9, de convivialit\u00e9 et d\u2019engagement envers notre belle r\u00e9gion. Ce groupe, [&hellip;]\" \/>\n<meta property=\"og:url\" content=\"https:\/\/vitrinesdepontaven.com\/?page_id=2693\" \/>\n<meta property=\"og:site_name\" content=\"Les Vitrines de Pont-Aven\" \/>\n<meta property=\"article:modified_time\" content=\"2024-12-02T13:14:05+00:00\" \/>\n<meta property=\"og:image\" content=\"https:\/\/vitrinesdepontaven.com\/wp-content\/uploads\/2019\/05\/cropped-Image-logo.jpg\" \/>\n\t<meta property=\"og:image:width\" content=\"512\" \/>\n\t<meta property=\"og:image:height\" content=\"512\" \/>\n\t<meta property=\"og:image:type\" content=\"image\/jpeg\" \/>\n<meta name=\"twitter:card\" content=\"summary_large_image\" \/>\n<meta name=\"twitter:label1\" content=\"Dur\u00e9e de lecture estim\u00e9e\" \/>\n\t<meta name=\"twitter:data1\" content=\"2 minutes\" \/>\n<script type=\"application\/ld+json\" class=\"yoast-schema-graph\">{\"@context\":\"https:\/\/schema.org\",\"@graph\":[{\"@type\":\"WebPage\",\"@id\":\"https:\/\/vitrinesdepontaven.com\/?page_id=2693\",\"url\":\"https:\/\/vitrinesdepontaven.com\/?page_id=2693\",\"name\":\"Qui nous sommes - Les Vitrines de Pont-Aven\",\"isPartOf\":{\"@id\":\"https:\/\/vitrinesdepontaven.com\/#website\"},\"primaryImageOfPage\":{\"@id\":\"https:\/\/vitrinesdepontaven.com\/?page_id=2693#primaryimage\"},\"image\":{\"@id\":\"https:\/\/vitrinesdepontaven.com\/?page_id=2693#primaryimage\"},\"thumbnailUrl\":\"https:\/\/vitrinesdepontaven.com\/wp-content\/uploads\/2019\/05\/cropped-Image-logo.jpg\",\"datePublished\":\"2024-12-02T13:14:04+00:00\",\"dateModified\":\"2024-12-02T13:14:05+00:00\",\"breadcrumb\":{\"@id\":\"https:\/\/vitrinesdepontaven.com\/?page_id=2693#breadcrumb\"},\"inLanguage\":\"fr-FR\",\"potentialAction\":[{\"@type\":\"ReadAction\",\"target\":[\"https:\/\/vitrinesdepontaven.com\/?page_id=2693\"]}]},{\"@type\":\"ImageObject\",\"inLanguage\":\"fr-FR\",\"@id\":\"https:\/\/vitrinesdepontaven.com\/?page_id=2693#primaryimage\",\"url\":\"https:\/\/vitrinesdepontaven.com\/wp-content\/uploads\/2019\/05\/cropped-Image-logo.jpg\",\"contentUrl\":\"https:\/\/vitrinesdepontaven.com\/wp-content\/uploads\/2019\/05\/cropped-Image-logo.jpg\",\"width\":512,\"height\":512,\"caption\":\"Logo les vitrines de Pont Aven\"},{\"@type\":\"BreadcrumbList\",\"@id\":\"https:\/\/vitrinesdepontaven.com\/?page_id=2693#breadcrumb\",\"itemListElement\":[{\"@type\":\"ListItem\",\"position\":1,\"name\":\"Accueil\",\"item\":\"https:\/\/vitrinesdepontaven.com\/\"},{\"@type\":\"ListItem\",\"position\":2,\"name\":\"Qui nous sommes\"}]},{\"@type\":\"WebSite\",\"@id\":\"https:\/\/vitrinesdepontaven.com\/#website\",\"url\":\"https:\/\/vitrinesdepontaven.com\/\",\"name\":\"Les Vitrines de Pont-Aven\",\"description\":\"Groupement de  commer\u00e7ants de Pont Aven\",\"publisher\":{\"@id\":\"https:\/\/vitrinesdepontaven.com\/#organization\"},\"potentialAction\":[{\"@type\":\"SearchAction\",\"target\":{\"@type\":\"EntryPoint\",\"urlTemplate\":\"https:\/\/vitrinesdepontaven.com\/?s={search_term_string}\"},\"query-input\":{\"@type\":\"PropertyValueSpecification\",\"valueRequired\":true,\"valueName\":\"search_term_string\"}}],\"inLanguage\":\"fr-FR\"},{\"@type\":\"Organization\",\"@id\":\"https:\/\/vitrinesdepontaven.com\/#organization\",\"name\":\"Les Vitrines de Pont-Aven\",\"url\":\"https:\/\/vitrinesdepontaven.com\/\",\"logo\":{\"@type\":\"ImageObject\",\"inLanguage\":\"fr-FR\",\"@id\":\"https:\/\/vitrinesdepontaven.com\/#\/schema\/logo\/image\/\",\"url\":\"https:\/\/vitrinesdepontaven.com\/wp-content\/uploads\/2019\/05\/cropped-Image-logo.jpg\",\"contentUrl\":\"https:\/\/vitrinesdepontaven.com\/wp-content\/uploads\/2019\/05\/cropped-Image-logo.jpg\",\"width\":512,\"height\":512,\"caption\":\"Les Vitrines de Pont-Aven \"},\"image\":{\"@id\":\"https:\/\/vitrinesdepontaven.com\/#\/schema\/logo\/image\/\"}}]}<\/script>\n<!-- \/ Yoast SEO plugin. -->","yoast_head_json":{"title":"Qui nous sommes - Les Vitrines de Pont-Aven","robots":{"index":"index","follow":"follow","max-snippet":"max-snippet:-1","max-image-preview":"max-image-preview:large","max-video-preview":"max-video-preview:-1"},"canonical":"https:\/\/vitrinesdepontaven.com\/?page_id=2693","og_locale":"fr_FR","og_type":"article","og_title":"Qui nous sommes - Les Vitrines de Pont-Aven","og_description":"Les Vitrines de Pont-Aven sont un collectif de commer\u00e7ants, de cr\u00e9ateurs et de professionnels passionn\u00e9s, unis par une vision commune : celle de mettre en avant le savoir-faire local et d\u2019offrir une exp\u00e9rience unique \u00e0 nos visiteurs. Depuis plusieurs ann\u00e9es, nous partageons des valeurs d\u2019amiti\u00e9, de convivialit\u00e9 et d\u2019engagement envers notre belle r\u00e9gion. Ce groupe, [&hellip;]","og_url":"https:\/\/vitrinesdepontaven.com\/?page_id=2693","og_site_name":"Les Vitrines de Pont-Aven","article_modified_time":"2024-12-02T13:14:05+00:00","og_image":[{"width":512,"height":512,"url":"https:\/\/vitrinesdepontaven.com\/wp-content\/uploads\/2019\/05\/cropped-Image-logo.jpg","type":"image\/jpeg"}],"twitter_card":"summary_large_image","twitter_misc":{"Dur\u00e9e de lecture estim\u00e9e":"2 minutes"},"schema":{"@context":"https:\/\/schema.org","@graph":[{"@type":"WebPage","@id":"https:\/\/vitrinesdepontaven.com\/?page_id=2693","url":"https:\/\/vitrinesdepontaven.com\/?page_id=2693","name":"Qui nous sommes - Les Vitrines de Pont-Aven","isPartOf":{"@id":"https:\/\/vitrinesdepontaven.com\/#website"},"primaryImageOfPage":{"@id":"https:\/\/vitrinesdepontaven.com\/?page_id=2693#primaryimage"},"image":{"@id":"https:\/\/vitrinesdepontaven.com\/?page_id=2693#primaryimage"},"thumbnailUrl":"https:\/\/vitrinesdepontaven.com\/wp-content\/uploads\/2019\/05\/cropped-Image-logo.jpg","datePublished":"2024-12-02T13:14:04+00:00","dateModified":"2024-12-02T13:14:05+00:00","breadcrumb":{"@id":"https:\/\/vitrinesdepontaven.com\/?page_id=2693#breadcrumb"},"inLanguage":"fr-FR","potentialAction":[{"@type":"ReadAction","target":["https:\/\/vitrinesdepontaven.com\/?page_id=2693"]}]},{"@type":"ImageObject","inLanguage":"fr-FR","@id":"https:\/\/vitrinesdepontaven.com\/?page_id=2693#primaryimage","url":"https:\/\/vitrinesdepontaven.com\/wp-content\/uploads\/2019\/05\/cropped-Image-logo.jpg","contentUrl":"https:\/\/vitrinesdepontaven.com\/wp-content\/uploads\/2019\/05\/cropped-Image-logo.jpg","width":512,"height":512,"caption":"Logo les vitrines de Pont Aven"},{"@type":"BreadcrumbList","@id":"https:\/\/vitrinesdepontaven.com\/?page_id=2693#breadcrumb","itemListElement":[{"@type":"ListItem","position":1,"name":"Accueil","item":"https:\/\/vitrinesdepontaven.com\/"},{"@type":"ListItem","position":2,"name":"Qui nous sommes"}]},{"@type":"WebSite","@id":"https:\/\/vitrinesdepontaven.com\/#website","url":"https:\/\/vitrinesdepontaven.com\/","name":"Les Vitrines de Pont-Aven","description":"Groupement de  commer\u00e7ants de Pont Aven","publisher":{"@id":"https:\/\/vitrinesdepontaven.com\/#organization"},"potentialAction":[{"@type":"SearchAction","target":{"@type":"EntryPoint","urlTemplate":"https:\/\/vitrinesdepontaven.com\/?s={search_term_string}"},"query-input":{"@type":"PropertyValueSpecification","valueRequired":true,"valueName":"search_term_string"}}],"inLanguage":"fr-FR"},{"@type":"Organization","@id":"https:\/\/vitrinesdepontaven.com\/#organization","name":"Les Vitrines de Pont-Aven","url":"https:\/\/vitrinesdepontaven.com\/","logo":{"@type":"ImageObject","inLanguage":"fr-FR","@id":"https:\/\/vitrinesdepontaven.com\/#\/schema\/logo\/image\/","url":"https:\/\/vitrinesdepontaven.com\/wp-content\/uploads\/2019\/05\/cropped-Image-logo.jpg","contentUrl":"https:\/\/vitrinesdepontaven.com\/wp-content\/uploads\/2019\/05\/cropped-Image-logo.jpg","width":512,"height":512,"caption":"Les Vitrines de Pont-Aven "},"image":{"@id":"https:\/\/vitrinesdepontaven.com\/#\/schema\/logo\/image\/"}}]}},"kubio_ai_page_context":{"short_desc":"","purpose":"general"},"_links":{"self":[{"href":"https:\/\/vitrinesdepontaven.com\/index.php?rest_route=\/wp\/v2\/pages\/2693","targetHints":{"allow":["GET"]}}],"collection":[{"href":"https:\/\/vitrinesdepontaven.com\/index.php?rest_route=\/wp\/v2\/pages"}],"about":[{"href":"https:\/\/vitrinesdepontaven.com\/index.php?rest_route=\/wp\/v2\/types\/page"}],"author":[{"embeddable":true,"href":"https:\/\/vitrinesdepontaven.com\/index.php?rest_route=\/wp\/v2\/users\/1"}],"replies":[{"embeddable":true,"href":"https:\/\/vitrinesdepontaven.com\/index.php?rest_route=%2Fwp%2Fv2%2Fcomments&post=2693"}],"version-history":[{"count":1,"href":"https:\/\/vitrinesdepontaven.com\/index.php?rest_route=\/wp\/v2\/pages\/2693\/revisions"}],"predecessor-version":[{"id":2694,"href":"https:\/\/vitrinesdepontaven.com\/index.php?rest_route=\/wp\/v2\/pages\/2693\/revisions\/2694"}],"wp:featuredmedia":[{"embeddable":true,"href":"https:\/\/vitrinesdepontaven.com\/index.php?rest_route=\/wp\/v2\/media\/2573"}],"wp:attachment":[{"href":"https:\/\/vitrinesdepontaven.com\/index.php?rest_route=%2Fwp%2Fv2%2Fmedia&parent=2693"}],"curies":[{"name":"wp","href":"https:\/\/api.w.org\/{rel}","templated":true}]}}